{"id":313,"date":"2025-10-10T08:38:56","date_gmt":"2025-10-10T08:38:56","guid":{"rendered":"https:\/\/dradriandonado.com\/?page_id=313"},"modified":"2025-11-13T19:34:37","modified_gmt":"2025-11-13T19:34:37","slug":"contacto","status":"publish","type":"page","link":"https:\/\/dradriandonado.com\/en\/contacto\/","title":{"rendered":"Contact"},"content":{"rendered":"<div data-elementor-type=\"wp-page\" data-elementor-id=\"313\" class=\"elementor elementor-313\" data-elementor-post-type=\"page\">\n\t\t\t\t<div class=\"elementor-element elementor-element-15c5bab5 e-flex e-con-boxed e-con e-parent\" data-id=\"15c5bab5\" data-element_type=\"container\" data-e-type=\"container\" data-settings=\"{&quot;background_background&quot;:&quot;classic&quot;}\">\n\t\t\t\t\t<div class=\"e-con-inner\">\n\t\t\t\t<div class=\"elementor-element elementor-element-32dbc51e elementor-invisible elementor-widget elementor-widget-heading\" data-id=\"32dbc51e\" data-element_type=\"widget\" data-e-type=\"widget\" data-settings=\"{&quot;_animation&quot;:&quot;fadeInLeft&quot;}\" data-widget_type=\"heading.default\">\n\t\t\t\t\t<h2 class=\"elementor-heading-title elementor-size-default\">Contact<\/h2>\t\t\t\t<\/div>\n\t\t\t\t<div class=\"elementor-element elementor-element-31a38b88 elementor-invisible elementor-widget elementor-widget-text-editor\" data-id=\"31a38b88\" data-element_type=\"widget\" data-e-type=\"widget\" data-settings=\"{&quot;_animation&quot;:&quot;fadeInLeft&quot;}\" data-widget_type=\"text-editor.default\">\n\t\t\t\t\t\t\t\t\t<p>Home \/ Contact<\/p>\t\t\t\t\t\t\t\t<\/div>\n\t\t\t\t\t<\/div>\n\t\t\t\t<\/div>\n\t\t<div class=\"elementor-element elementor-element-633b93e8 e-flex e-con-boxed e-con e-parent\" data-id=\"633b93e8\" data-element_type=\"container\" data-e-type=\"container\">\n\t\t\t\t\t<div class=\"e-con-inner\">\n\t\t<div class=\"elementor-element elementor-element-651b696e e-con-full e-flex elementor-invisible e-con e-child\" data-id=\"651b696e\" data-element_type=\"container\" data-e-type=\"container\" data-settings=\"{&quot;background_background&quot;:&quot;classic&quot;,&quot;animation&quot;:&quot;fadeInLeft&quot;}\">\n\t\t\t\t<div class=\"elementor-element elementor-element-12e40773 elementor-view-stacked elementor-shape-square elementor-position-inline-start elementor-mobile-position-block-start elementor-widget elementor-widget-icon-box\" data-id=\"12e40773\" data-element_type=\"widget\" data-e-type=\"widget\" data-widget_type=\"icon-box.default\">\n\t\t\t\t\t\t\t<div class=\"elementor-icon-box-wrapper\">\n\n\t\t\t\t\t\t<div class=\"elementor-icon-box-icon\">\n\t\t\t\t<span  class=\"elementor-icon\">\n\t\t\t\t<svg aria-hidden=\"true\" class=\"e-font-icon-svg e-fas-map-marked-alt\" viewbox=\"0 0 576 512\" xmlns=\"http:\/\/www.w3.org\/2000\/svg\"><path d=\"M288 0c-69.59 0-126 56.41-126 126 0 56.26 82.35 158.8 113.9 196.02 6.39 7.54 17.82 7.54 24.2 0C331.65 284.8 414 182.26 414 126 414 56.41 357.59 0 288 0zm0 168c-23.2 0-42-18.8-42-42s18.8-42 42-42 42 18.8 42 42-18.8 42-42 42zM20.12 215.95A32.006 32.006 0 0 0 0 245.66v250.32c0 11.32 11.43 19.06 21.94 14.86L160 448V214.92c-8.84-15.98-16.07-31.54-21.25-46.42L20.12 215.95zM288 359.67c-14.07 0-27.38-6.18-36.51-16.96-19.66-23.2-40.57-49.62-59.49-76.72v182l192 64V266c-18.92 27.09-39.82 53.52-59.49 76.72-9.13 10.77-22.44 16.95-36.51 16.95zm266.06-198.51L416 224v288l139.88-55.95A31.996 31.996 0 0 0 576 426.34V176.02c0-11.32-11.43-19.06-21.94-14.86z\"><\/path><\/svg>\t\t\t\t<\/span>\n\t\t\t<\/div>\n\t\t\t\n\t\t\t\t\t\t<div class=\"elementor-icon-box-content\">\n\n\t\t\t\t\t\t\t\t\t<h5 class=\"elementor-icon-box-title\">\n\t\t\t\t\t\t<span  >\n\t\t\t\t\t\t\tUbication\t\t\t\t\t\t<\/span>\n\t\t\t\t\t<\/h5>\n\t\t\t\t\n\t\t\t\t\t\t\t\t\t<p class=\"elementor-icon-box-description\">\n\t\t\t\t\t\tCra. 42F #75-75 segundo piso Local 16, Las Mercedes, Barranquilla, Atl\u00e1ntico\t\t\t\t\t<\/p>\n\t\t\t\t\n\t\t\t<\/div>\n\t\t\t\n\t\t<\/div>\n\t\t\t\t\t\t<\/div>\n\t\t\t\t<\/div>\n\t\t<div class=\"elementor-element elementor-element-24235ef2 e-con-full e-flex elementor-invisible e-con e-child\" data-id=\"24235ef2\" data-element_type=\"container\" data-e-type=\"container\" data-settings=\"{&quot;background_background&quot;:&quot;classic&quot;,&quot;animation&quot;:&quot;fadeInRight&quot;}\">\n\t\t\t\t<div class=\"elementor-element elementor-element-3cd612a1 elementor-view-stacked elementor-shape-square elementor-position-inline-start elementor-mobile-position-block-start elementor-widget elementor-widget-icon-box\" data-id=\"3cd612a1\" data-element_type=\"widget\" data-e-type=\"widget\" data-widget_type=\"icon-box.default\">\n\t\t\t\t\t\t\t<div class=\"elementor-icon-box-wrapper\">\n\n\t\t\t\t\t\t<div class=\"elementor-icon-box-icon\">\n\t\t\t\t<span  class=\"elementor-icon\">\n\t\t\t\t<svg aria-hidden=\"true\" class=\"e-font-icon-svg e-fas-phone-alt\" viewbox=\"0 0 512 512\" xmlns=\"http:\/\/www.w3.org\/2000\/svg\"><path d=\"M497.39 361.8l-112-48a24 24 0 0 0-28 6.9l-49.6 60.6A370.66 370.66 0 0 1 130.6 204.11l60.6-49.6a23.94 23.94 0 0 0 6.9-28l-48-112A24.16 24.16 0 0 0 122.6.61l-104 24A24 24 0 0 0 0 48c0 256.5 207.9 464 464 464a24 24 0 0 0 23.4-18.6l24-104a24.29 24.29 0 0 0-14.01-27.6z\"><\/path><\/svg>\t\t\t\t<\/span>\n\t\t\t<\/div>\n\t\t\t\n\t\t\t\t\t\t<div class=\"elementor-icon-box-content\">\n\n\t\t\t\t\t\t\t\t\t<h5 class=\"elementor-icon-box-title\">\n\t\t\t\t\t\t<span  >\n\t\t\t\t\t\t\tPhone\t\t\t\t\t\t<\/span>\n\t\t\t\t\t<\/h5>\n\t\t\t\t\n\t\t\t\t\t\t\t\t\t<p class=\"elementor-icon-box-description\">\n\t\t\t\t\t\t+57 320 7274 838\t\t\t\t\t<\/p>\n\t\t\t\t\n\t\t\t<\/div>\n\t\t\t\n\t\t<\/div>\n\t\t\t\t\t\t<\/div>\n\t\t\t\t<\/div>\n\t\t\t\t\t<\/div>\n\t\t\t\t<\/div>\n\t\t<div class=\"elementor-element elementor-element-6a80c53f e-flex e-con-boxed e-con e-parent\" data-id=\"6a80c53f\" data-element_type=\"container\" data-e-type=\"container\">\n\t\t\t\t\t<div class=\"e-con-inner\">\n\t\t<div class=\"elementor-element elementor-element-62755dee e-con-full e-flex e-con e-child\" data-id=\"62755dee\" data-element_type=\"container\" data-e-type=\"container\" data-settings=\"{&quot;background_background&quot;:&quot;classic&quot;}\">\n\t\t\t\t<div class=\"elementor-element elementor-element-5a705623 elementor-invisible elementor-widget elementor-widget-heading\" data-id=\"5a705623\" data-element_type=\"widget\" data-e-type=\"widget\" data-settings=\"{&quot;_animation&quot;:&quot;fadeInLeft&quot;}\" data-widget_type=\"heading.default\">\n\t\t\t\t\t<h3 class=\"elementor-heading-title elementor-size-default\">Contact us and take the first step<\/br>to your new smile<\/h3>\t\t\t\t<\/div>\n\t\t\t\t<div class=\"elementor-element elementor-element-3d11b8a4 elementor-widget__width-initial elementor-invisible elementor-widget elementor-widget-text-editor\" data-id=\"3d11b8a4\" data-element_type=\"widget\" data-e-type=\"widget\" data-settings=\"{&quot;_animation&quot;:&quot;fadeInRight&quot;}\" data-widget_type=\"text-editor.default\">\n\t\t\t\t\t\t\t\t\t<p>Your transformation begins with a conversation.<\/p><p>Schedule an appointment or leave us a message, and we\u2019ll get back to you as soon as possible.<\/p>\t\t\t\t\t\t\t\t<\/div>\n\t\t\t\t<div class=\"elementor-element elementor-element-8fc9d88 elementor-button-align-stretch elementor-invisible elementor-widget elementor-widget-form\" data-id=\"8fc9d88\" data-element_type=\"widget\" data-e-type=\"widget\" data-settings=\"{&quot;step_next_label&quot;:&quot;Next&quot;,&quot;step_previous_label&quot;:&quot;Previous&quot;,&quot;_animation&quot;:&quot;fadeInUp&quot;,&quot;button_width&quot;:&quot;100&quot;,&quot;step_type&quot;:&quot;number_text&quot;,&quot;step_icon_shape&quot;:&quot;circle&quot;}\" data-widget_type=\"form.default\">\n\t\t\t\t\t\t\t<form class=\"elementor-form\" method=\"post\" name=\"New Form\" aria-label=\"New Form\" action=\"\">\n\t\t\t<input type=\"hidden\" name=\"post_id\" value=\"313\"\/>\n\t\t\t<input type=\"hidden\" name=\"form_id\" value=\"8fc9d88\"\/>\n\t\t\t<input type=\"hidden\" name=\"referer_title\" value=\"Contacto - Adri\u00e1n Donado | Dise\u00f1o de Sonrisa y Armonizaci\u00f3n Orofacial en Cartagena\" \/>\n\n\t\t\t\t\t\t\t<input type=\"hidden\" name=\"queried_id\" value=\"313\"\/>\n\t\t\t\n\t\t\t<div class=\"elementor-form-fields-wrapper elementor-labels-above\">\n\t\t\t\t\t\t\t\t<div class=\"elementor-field-type-text elementor-field-group elementor-column elementor-field-group-name elementor-col-100\">\n\t\t\t\t\t\t\t\t\t\t\t\t<label for=\"form-field-name\" class=\"elementor-field-label\">\n\t\t\t\t\t\t\t\tYour Name\t\t\t\t\t\t\t<\/label>\n\t\t\t\t\t\t\t\t\t\t\t\t\t\t<input size=\"1\" type=\"text\" name=\"form_fields[name]\" id=\"form-field-name\" class=\"elementor-field elementor-size-sm  elementor-field-textual\" placeholder=\"Your Name\">\n\t\t\t\t\t\t\t\t\t\t\t<\/div>\n\t\t\t\t\t\t\t\t<div class=\"elementor-field-type-email elementor-field-group elementor-column elementor-field-group-email elementor-col-100 elementor-field-required\">\n\t\t\t\t\t\t\t\t\t\t\t\t<label for=\"form-field-email\" class=\"elementor-field-label\">\n\t\t\t\t\t\t\t\tYour Email\t\t\t\t\t\t\t<\/label>\n\t\t\t\t\t\t\t\t\t\t\t\t\t\t<input size=\"1\" type=\"email\" name=\"form_fields[email]\" id=\"form-field-email\" class=\"elementor-field elementor-size-sm  elementor-field-textual\" placeholder=\"Your Email\" required=\"required\">\n\t\t\t\t\t\t\t\t\t\t\t<\/div>\n\t\t\t\t\t\t\t\t<div class=\"elementor-field-type-text elementor-field-group elementor-column elementor-field-group-field_489ae66 elementor-col-100\">\n\t\t\t\t\t\t\t\t\t\t\t\t<label for=\"form-field-field_489ae66\" class=\"elementor-field-label\">\n\t\t\t\t\t\t\t\tPhone\t\t\t\t\t\t\t<\/label>\n\t\t\t\t\t\t\t\t\t\t\t\t\t\t<input size=\"1\" type=\"text\" name=\"form_fields[field_489ae66]\" id=\"form-field-field_489ae66\" class=\"elementor-field elementor-size-sm  elementor-field-textual\" placeholder=\"Phone\">\n\t\t\t\t\t\t\t\t\t\t\t<\/div>\n\t\t\t\t\t\t\t\t<div class=\"elementor-field-type-select elementor-field-group elementor-column elementor-field-group-field_93379bc elementor-col-100\">\n\t\t\t\t\t\t\t\t\t\t\t\t<label for=\"form-field-field_93379bc\" class=\"elementor-field-label\">\n\t\t\t\t\t\t\t\tSelect Service\t\t\t\t\t\t\t<\/label>\n\t\t\t\t\t\t\t\t<div class=\"elementor-field elementor-select-wrapper remove-before\">\n\t\t\t<div class=\"select-caret-down-wrapper\">\n\t\t\t\t<svg aria-hidden=\"true\" class=\"e-font-icon-svg e-eicon-caret-down\" viewbox=\"0 0 571.4 571.4\" xmlns=\"http:\/\/www.w3.org\/2000\/svg\"><path d=\"M571 393Q571 407 561 418L311 668Q300 679 286 679T261 668L11 418Q0 407 0 393T11 368 36 357H536Q550 357 561 368T571 393Z\"><\/path><\/svg>\t\t\t<\/div>\n\t\t\t<select name=\"form_fields[field_93379bc]\" id=\"form-field-field_93379bc\" class=\"elementor-field-textual elementor-size-sm\">\n\t\t\t\t\t\t\t\t\t<option value=\"higiene_oral\">Oral Hygiene<\/option>\n\t\t\t\t\t\t\t\t\t<option value=\"diseno_sonrisa\">Smile Design<\/option>\n\t\t\t\t\t\t\t\t\t<option value=\"blanqueamiento_dental\">Teeth Whitening<\/option>\n\t\t\t\t\t\t\t\t\t<option value=\"rehabilitacion_oral\">Oral Rehabilitation<\/option>\n\t\t\t\t\t\t\t\t\t<option value=\"microdiseno_sonrisa\">Micro Smile Design<\/option>\n\t\t\t\t\t\t\t\t\t<option value=\"lentes_ceramicos\">Ceramic Veneers<\/option>\n\t\t\t\t\t\t\t\t\t<option value=\"Valoraci\u00f3n General\">General Evaluation<\/option>\n\t\t\t\t\t\t\t\t\t<option value=\"\"><\/option>\n\t\t\t\t\t\t\t<\/select>\n\t\t<\/div>\n\t\t\t\t\t\t<\/div>\n\t\t\t\t\t\t\t\t<div class=\"elementor-field-type-textarea elementor-field-group elementor-column elementor-field-group-message elementor-col-100 elementor-field-required\">\n\t\t\t\t\t\t\t\t\t\t\t\t<label for=\"form-field-message\" class=\"elementor-field-label\">\n\t\t\t\t\t\t\t\tYour Message (optional)\t\t\t\t\t\t\t<\/label>\n\t\t\t\t\t\t<textarea class=\"elementor-field-textual elementor-field  elementor-size-sm\" name=\"form_fields[message]\" id=\"form-field-message\" rows=\"4\" placeholder=\"Your Message (optional)\" required=\"required\"><\/textarea>\t\t\t\t<\/div>\n\t\t\t\t\t\t\t\t<div class=\"elementor-field-group elementor-column elementor-field-type-submit elementor-col-100 e-form__buttons\">\n\t\t\t\t\t<button class=\"elementor-button elementor-size-sm\" type=\"submit\">\n\t\t\t\t\t\t<span class=\"elementor-button-content-wrapper\">\n\t\t\t\t\t\t\t\t\t\t\t\t\t\t\t\t\t\t\t\t\t\t<span class=\"elementor-button-text\">Send<\/span>\n\t\t\t\t\t\t\t\t\t\t\t\t\t<\/span>\n\t\t\t\t\t<\/button>\n\t\t\t\t<\/div>\n\t\t\t<\/div>\n\t\t<input type=\"hidden\" name=\"trp-form-language\" value=\"en\"\/><\/form>\n\t\t\t\t\t\t<\/div>\n\t\t\t\t<div class=\"elementor-element elementor-element-24c9e260 elementor-widget elementor-widget-spacer\" data-id=\"24c9e260\" data-element_type=\"widget\" data-e-type=\"widget\" data-widget_type=\"spacer.default\">\n\t\t\t\t\t\t\t<div class=\"elementor-spacer\">\n\t\t\t<div class=\"elementor-spacer-inner\"><\/div>\n\t\t<\/div>\n\t\t\t\t\t\t<\/div>\n\t\t\t\t<\/div>\n\t\t\t\t\t<\/div>\n\t\t\t\t<\/div>\n\t\t<div class=\"elementor-element elementor-element-1155107 e-con-full e-flex elementor-invisible e-con e-parent\" data-id=\"1155107\" data-element_type=\"container\" data-e-type=\"container\" data-settings=\"{&quot;animation&quot;:&quot;fadeInUp&quot;}\">\n\t\t\t\t<div class=\"elementor-element elementor-element-53686ad9 elementor-widget elementor-widget-google_maps\" data-id=\"53686ad9\" data-element_type=\"widget\" data-e-type=\"widget\" data-widget_type=\"google_maps.default\">\n\t\t\t\t\t\t\t<div class=\"elementor-custom-embed\">\n\t\t\t<iframe loading=\"lazy\"\n\t\t\t\t\tsrc=\"https:\/\/maps.google.com\/maps?q=Cra.%2042F%20%2375-75%20segundo%20piso%20Local%2016%2C%20Las%20Mercedes%2C%20Barranquilla%2C%20Atl%C3%A1ntico&#038;t=m&#038;z=15&#038;output=embed&#038;iwloc=near\"\n\t\t\t\t\ttitle=\"Cra. 42F #75-75 segundo piso Local 16, Las Mercedes, Barranquilla, Atl\u00e1ntico\"\n\t\t\t\t\taria-label=\"Cra. 42F #75-75 segundo piso Local 16, Las Mercedes, Barranquilla, Atl\u00e1ntico\"\n\t\t\t><\/iframe>\n\t\t<\/div>\n\t\t\t\t\t\t<\/div>\n\t\t\t\t<\/div>\n\t\t\t\t<\/div>","protected":false},"excerpt":{"rendered":"<p>Inicio\/ Contacto Ubicaci\u00f3n Cra. 42F #75-75 segundo piso Local 16, Las Mercedes, Barranquilla, Atl\u00e1ntico Tel\u00e9fono +57 320 7274 838 Cont\u00e1ctanos y da el primer pasohacia tu nueva sonrisa Tu transformaci\u00f3n comienza con una conversaci\u00f3n. Agenda una cita o d\u00e9janos tu mensaje y te responderemos lo antes posible.<\/p>","protected":false},"author":1,"featured_media":0,"parent":0,"menu_order":0,"comment_status":"closed","ping_status":"closed","template":"elementor_header_footer","meta":{"footnotes":""},"class_list":["post-313","page","type-page","status-publish","hentry"],"yoast_head":"<!-- This site is optimized with the Yoast SEO plugin v27.4 - https:\/\/yoast.com\/product\/yoast-seo-wordpress\/ -->\n<title>Contacto - Adri\u00e1n Donado | Dise\u00f1o de Sonrisa y Armonizaci\u00f3n Orofacial en Cartagena<\/title>\n<meta name=\"robots\" content=\"index, follow, max-snippet:-1, max-image-preview:large, max-video-preview:-1\" \/>\n<link rel=\"canonical\" href=\"https:\/\/dradriandonado.com\/en\/contacto\/\" \/>\n<meta property=\"og:locale\" content=\"en_US\" \/>\n<meta property=\"og:type\" content=\"article\" \/>\n<meta property=\"og:title\" content=\"Contacto - Adri\u00e1n Donado | Dise\u00f1o de Sonrisa y Armonizaci\u00f3n Orofacial en Cartagena\" \/>\n<meta property=\"og:description\" content=\"Inicio\/ Contacto Ubicaci\u00f3n Cra. 42F #75-75 segundo piso Local 16, Las Mercedes, Barranquilla, Atl\u00e1ntico Tel\u00e9fono +57 320 7274 838 Cont\u00e1ctanos y da el primer pasohacia tu nueva sonrisa Tu transformaci\u00f3n comienza con una conversaci\u00f3n. Agenda una cita o d\u00e9janos tu mensaje y te responderemos lo antes posible.\" \/>\n<meta property=\"og:url\" content=\"https:\/\/dradriandonado.com\/en\/contacto\/\" \/>\n<meta property=\"og:site_name\" content=\"Adri\u00e1n Donado | Dise\u00f1o de Sonrisa y Armonizaci\u00f3n Orofacial en Cartagena\" \/>\n<meta property=\"article:modified_time\" content=\"2025-11-13T19:34:37+00:00\" \/>\n<meta name=\"twitter:card\" content=\"summary_large_image\" \/>\n<meta name=\"twitter:label1\" content=\"Est. reading time\" \/>\n\t<meta name=\"twitter:data1\" content=\"1 minute\" \/>\n<script type=\"application\/ld+json\" class=\"yoast-schema-graph\">{\"@context\":\"https:\\\/\\\/schema.org\",\"@graph\":[{\"@type\":\"WebPage\",\"@id\":\"https:\\\/\\\/dradriandonado.com\\\/contacto\\\/\",\"url\":\"https:\\\/\\\/dradriandonado.com\\\/contacto\\\/\",\"name\":\"Contacto - Adri\u00e1n Donado | Dise\u00f1o de Sonrisa y Armonizaci\u00f3n Orofacial en Cartagena\",\"isPartOf\":{\"@id\":\"https:\\\/\\\/dradriandonado.com\\\/#website\"},\"datePublished\":\"2025-10-10T08:38:56+00:00\",\"dateModified\":\"2025-11-13T19:34:37+00:00\",\"breadcrumb\":{\"@id\":\"https:\\\/\\\/dradriandonado.com\\\/contacto\\\/#breadcrumb\"},\"inLanguage\":\"en-US\",\"potentialAction\":[{\"@type\":\"ReadAction\",\"target\":[\"https:\\\/\\\/dradriandonado.com\\\/contacto\\\/\"]}]},{\"@type\":\"BreadcrumbList\",\"@id\":\"https:\\\/\\\/dradriandonado.com\\\/contacto\\\/#breadcrumb\",\"itemListElement\":[{\"@type\":\"ListItem\",\"position\":1,\"name\":\"Inicio\",\"item\":\"https:\\\/\\\/dradriandonado.com\\\/\"},{\"@type\":\"ListItem\",\"position\":2,\"name\":\"Contacto\"}]},{\"@type\":\"WebSite\",\"@id\":\"https:\\\/\\\/dradriandonado.com\\\/#website\",\"url\":\"https:\\\/\\\/dradriandonado.com\\\/\",\"name\":\"Adri\u00e1n Donado | Dise\u00f1o de Sonrisa y Armonizaci\u00f3n Orofacial en Cartagena\",\"description\":\"Cl\u00ednica odontol\u00f3gica especializada en est\u00e9tica dental, dise\u00f1o de sonrisa, armonizaci\u00f3n orofacial y blanqueamiento. Adri\u00e1n Donado ofrece tratamientos personalizados para realzar tu belleza natural en Cartagena.\",\"publisher\":{\"@id\":\"https:\\\/\\\/dradriandonado.com\\\/#organization\"},\"potentialAction\":[{\"@type\":\"SearchAction\",\"target\":{\"@type\":\"EntryPoint\",\"urlTemplate\":\"https:\\\/\\\/dradriandonado.com\\\/?s={search_term_string}\"},\"query-input\":{\"@type\":\"PropertyValueSpecification\",\"valueRequired\":true,\"valueName\":\"search_term_string\"}}],\"inLanguage\":\"en-US\"},{\"@type\":\"Organization\",\"@id\":\"https:\\\/\\\/dradriandonado.com\\\/#organization\",\"name\":\"Adri\u00e1n Donado | Dise\u00f1o de Sonrisa y Armonizaci\u00f3n Orofacial en Cartagena\",\"url\":\"https:\\\/\\\/dradriandonado.com\\\/\",\"logo\":{\"@type\":\"ImageObject\",\"inLanguage\":\"en-US\",\"@id\":\"https:\\\/\\\/dradriandonado.com\\\/#\\\/schema\\\/logo\\\/image\\\/\",\"url\":\"https:\\\/\\\/dradriandonado.com\\\/wp-content\\\/uploads\\\/2025\\\/10\\\/cropped-logolargonegro-removebg-preview.png\",\"contentUrl\":\"https:\\\/\\\/dradriandonado.com\\\/wp-content\\\/uploads\\\/2025\\\/10\\\/cropped-logolargonegro-removebg-preview.png\",\"width\":872,\"height\":249,\"caption\":\"Adri\u00e1n Donado | Dise\u00f1o de Sonrisa y Armonizaci\u00f3n Orofacial en Cartagena\"},\"image\":{\"@id\":\"https:\\\/\\\/dradriandonado.com\\\/#\\\/schema\\\/logo\\\/image\\\/\"}}]}<\/script>\n<!-- \/ Yoast SEO plugin. -->","yoast_head_json":{"title":"Contacto - Adri\u00e1n Donado | Dise\u00f1o de Sonrisa y Armonizaci\u00f3n Orofacial en Cartagena","robots":{"index":"index","follow":"follow","max-snippet":"max-snippet:-1","max-image-preview":"max-image-preview:large","max-video-preview":"max-video-preview:-1"},"canonical":"https:\/\/dradriandonado.com\/en\/contacto\/","og_locale":"en_US","og_type":"article","og_title":"Contacto - Adri\u00e1n Donado | Dise\u00f1o de Sonrisa y Armonizaci\u00f3n Orofacial en Cartagena","og_description":"Inicio\/ Contacto Ubicaci\u00f3n Cra. 42F #75-75 segundo piso Local 16, Las Mercedes, Barranquilla, Atl\u00e1ntico Tel\u00e9fono +57 320 7274 838 Cont\u00e1ctanos y da el primer pasohacia tu nueva sonrisa Tu transformaci\u00f3n comienza con una conversaci\u00f3n. Agenda una cita o d\u00e9janos tu mensaje y te responderemos lo antes posible.","og_url":"https:\/\/dradriandonado.com\/en\/contacto\/","og_site_name":"Adri\u00e1n Donado | Dise\u00f1o de Sonrisa y Armonizaci\u00f3n Orofacial en Cartagena","article_modified_time":"2025-11-13T19:34:37+00:00","twitter_card":"summary_large_image","twitter_misc":{"Est. reading time":"1 minute"},"schema":{"@context":"https:\/\/schema.org","@graph":[{"@type":"WebPage","@id":"https:\/\/dradriandonado.com\/contacto\/","url":"https:\/\/dradriandonado.com\/contacto\/","name":"Contacto - Adri\u00e1n Donado | Dise\u00f1o de Sonrisa y Armonizaci\u00f3n Orofacial en Cartagena","isPartOf":{"@id":"https:\/\/dradriandonado.com\/#website"},"datePublished":"2025-10-10T08:38:56+00:00","dateModified":"2025-11-13T19:34:37+00:00","breadcrumb":{"@id":"https:\/\/dradriandonado.com\/contacto\/#breadcrumb"},"inLanguage":"en-US","potentialAction":[{"@type":"ReadAction","target":["https:\/\/dradriandonado.com\/contacto\/"]}]},{"@type":"BreadcrumbList","@id":"https:\/\/dradriandonado.com\/contacto\/#breadcrumb","itemListElement":[{"@type":"ListItem","position":1,"name":"Inicio","item":"https:\/\/dradriandonado.com\/"},{"@type":"ListItem","position":2,"name":"Contacto"}]},{"@type":"WebSite","@id":"https:\/\/dradriandonado.com\/#website","url":"https:\/\/dradriandonado.com\/","name":"Adri\u00e1n Donado | Dise\u00f1o de Sonrisa y Armonizaci\u00f3n Orofacial en Cartagena","description":"Cl\u00ednica odontol\u00f3gica especializada en est\u00e9tica dental, dise\u00f1o de sonrisa, armonizaci\u00f3n orofacial y blanqueamiento. Adri\u00e1n Donado ofrece tratamientos personalizados para realzar tu belleza natural en Cartagena.","publisher":{"@id":"https:\/\/dradriandonado.com\/#organization"},"potentialAction":[{"@type":"SearchAction","target":{"@type":"EntryPoint","urlTemplate":"https:\/\/dradriandonado.com\/?s={search_term_string}"},"query-input":{"@type":"PropertyValueSpecification","valueRequired":true,"valueName":"search_term_string"}}],"inLanguage":"en-US"},{"@type":"Organization","@id":"https:\/\/dradriandonado.com\/#organization","name":"Adri\u00e1n Donado | Dise\u00f1o de Sonrisa y Armonizaci\u00f3n Orofacial en Cartagena","url":"https:\/\/dradriandonado.com\/","logo":{"@type":"ImageObject","inLanguage":"en-US","@id":"https:\/\/dradriandonado.com\/#\/schema\/logo\/image\/","url":"https:\/\/dradriandonado.com\/wp-content\/uploads\/2025\/10\/cropped-logolargonegro-removebg-preview.png","contentUrl":"https:\/\/dradriandonado.com\/wp-content\/uploads\/2025\/10\/cropped-logolargonegro-removebg-preview.png","width":872,"height":249,"caption":"Adri\u00e1n Donado | Dise\u00f1o de Sonrisa y Armonizaci\u00f3n Orofacial en Cartagena"},"image":{"@id":"https:\/\/dradriandonado.com\/#\/schema\/logo\/image\/"}}]}},"_hostinger_reach_plugin_has_subscription_block":false,"_hostinger_reach_plugin_is_elementor":false,"_links":{"self":[{"href":"https:\/\/dradriandonado.com\/en\/wp-json\/wp\/v2\/pages\/313","targetHints":{"allow":["GET"]}}],"collection":[{"href":"https:\/\/dradriandonado.com\/en\/wp-json\/wp\/v2\/pages"}],"about":[{"href":"https:\/\/dradriandonado.com\/en\/wp-json\/wp\/v2\/types\/page"}],"author":[{"embeddable":true,"href":"https:\/\/dradriandonado.com\/en\/wp-json\/wp\/v2\/users\/1"}],"replies":[{"embeddable":true,"href":"https:\/\/dradriandonado.com\/en\/wp-json\/wp\/v2\/comments?post=313"}],"version-history":[{"count":43,"href":"https:\/\/dradriandonado.com\/en\/wp-json\/wp\/v2\/pages\/313\/revisions"}],"predecessor-version":[{"id":951,"href":"https:\/\/dradriandonado.com\/en\/wp-json\/wp\/v2\/pages\/313\/revisions\/951"}],"wp:attachment":[{"href":"https:\/\/dradriandonado.com\/en\/wp-json\/wp\/v2\/media?parent=313"}],"curies":[{"name":"wp","href":"https:\/\/api.w.org\/{rel}","templated":true}]}}