{"id":3,"date":"2025-10-09T06:40:34","date_gmt":"2025-10-09T06:40:34","guid":{"rendered":"http:\/\/white-donkey-192654.hostingersite.com\/?page_id=3"},"modified":"2025-10-10T15:06:30","modified_gmt":"2025-10-10T15:06:30","slug":"privacy-policy","status":"publish","type":"page","link":"https:\/\/dradriandonado.com\/en\/privacy-policy\/","title":{"rendered":"Pol\u00edtica de Privacidad"},"content":{"rendered":"<div data-elementor-type=\"wp-page\" data-elementor-id=\"3\" class=\"elementor elementor-3\" data-elementor-post-type=\"page\">\n\t\t\t\t<div class=\"elementor-element elementor-element-35a4bcb e-flex e-con-boxed e-con e-parent\" data-id=\"35a4bcb\" data-element_type=\"container\" data-e-type=\"container\">\n\t\t\t\t\t<div class=\"e-con-inner\">\n\t\t\t\t<div class=\"elementor-element elementor-element-073f02c elementor-widget elementor-widget-heading\" data-id=\"073f02c\" data-element_type=\"widget\" data-e-type=\"widget\" data-widget_type=\"heading.default\">\n\t\t\t\t\t<h2 class=\"elementor-heading-title elementor-size-default\">Pol\u00edtica de Privacidad<\/h2>\t\t\t\t<\/div>\n\t\t\t\t\t<\/div>\n\t\t\t\t<\/div>\n\t\t<div class=\"elementor-element elementor-element-2f599645 e-flex e-con-boxed e-con e-parent\" data-id=\"2f599645\" data-element_type=\"container\" data-e-type=\"container\">\n\t\t\t\t\t<div class=\"e-con-inner\">\n\t\t\t\t<div class=\"elementor-element elementor-element-710d1f45 elementor-widget elementor-widget-text-editor\" data-id=\"710d1f45\" data-element_type=\"widget\" data-e-type=\"widget\" data-widget_type=\"text-editor.default\">\n\t\t\t\t\t\t\t\t\t\n<h1 class=\"wp-block-heading\">Pol\u00edtica de Privacidad<\/h1>\n\n<p>En <strong>Adri\u00e1n Donado Odontolog\u00eda Est\u00e9tica<\/strong>, con sede en <strong>Barranquilla, Colombia<\/strong>, respetamos y protegemos la privacidad de nuestros pacientes y visitantes.<br \/>Esta Pol\u00edtica de Privacidad explica c\u00f3mo recopilamos, usamos y protegemos la informaci\u00f3n personal que nos proporcionas al visitar nuestro sitio web o acceder a nuestros servicios odontol\u00f3gicos.<\/p>\n<hr class=\"wp-block-separator has-alpha-channel-opacity\" \/>\n<h2 class=\"wp-block-heading\">1. Informaci\u00f3n que recopilamos<\/h2>\n\n<p>Podemos recopilar los siguientes tipos de informaci\u00f3n:<\/p>\n\n<ul class=\"wp-block-list\">\n<li><strong>Datos personales:<\/strong> nombre, n\u00famero de tel\u00e9fono, correo electr\u00f3nico y cualquier informaci\u00f3n suministrada en formularios de contacto, citas o consultas.<\/li>\n\n<li><strong>Datos de navegaci\u00f3n:<\/strong> direcci\u00f3n IP, dispositivo, tipo de navegador y p\u00e1ginas visitadas dentro del sitio.<\/li>\n\n<li><strong>Datos m\u00e9dicos b\u00e1sicos:<\/strong> \u00fanicamente cuando sean necesarios para ofrecer nuestros servicios odontol\u00f3gicos y con tu consentimiento previo.<\/li>\n<\/ul>\n<hr class=\"wp-block-separator has-alpha-channel-opacity\" \/>\n<h2 class=\"wp-block-heading\">2. Uso de la informaci\u00f3n<\/h2>\n\n<p>Utilizamos la informaci\u00f3n recopilada para:<\/p>\n\n<ul class=\"wp-block-list\">\n<li>Gestionar solicitudes de citas o consultas.<\/li>\n\n<li>Brindar informaci\u00f3n sobre tratamientos y servicios.<\/li>\n\n<li>Mejorar la experiencia de usuario y el funcionamiento del sitio web.<\/li>\n\n<li>Cumplir con requerimientos legales o administrativos en la pr\u00e1ctica odontol\u00f3gica en Colombia.<\/li>\n<\/ul>\n<hr class=\"wp-block-separator has-alpha-channel-opacity\" \/>\n<h2 class=\"wp-block-heading\">3. Protecci\u00f3n de datos personales<\/h2>\n\n<p>Implementamos medidas t\u00e9cnicas y administrativas que garantizan la seguridad, confidencialidad y protecci\u00f3n de tus datos frente a accesos no autorizados, p\u00e9rdida o alteraci\u00f3n.<br \/>El manejo de la informaci\u00f3n est\u00e1 limitado al personal autorizado de <strong>Adri\u00e1n Donado Odontolog\u00eda Est\u00e9tica<\/strong>.<\/p>\n<hr class=\"wp-block-separator has-alpha-channel-opacity\" \/>\n<h2 class=\"wp-block-heading\">4. Derechos del titular de la informaci\u00f3n<\/h2>\n\n<p>De acuerdo con la <strong>Ley 1581 de 2012 y el Decreto 1377 de 2013<\/strong>, tienes derecho a:<\/p>\n\n<ul class=\"wp-block-list\">\n<li>Acceder, actualizar y rectificar tus datos personales.<\/li>\n\n<li>Solicitar prueba del consentimiento otorgado.<\/li>\n\n<li>Ser informado sobre el uso de tus datos.<\/li>\n\n<li>Presentar quejas ante la Superintendencia de Industria y Comercio (SIC).<\/li>\n\n<li>Revocar la autorizaci\u00f3n o solicitar la eliminaci\u00f3n de tus datos cuando sea procedente.<\/li>\n<\/ul>\n\n<p>Para ejercer tus derechos, puedes escribirnos a:<br \/>\ud83d\udce7 <strong><a>contacto@adriandonado.com<\/a><\/strong><\/p>\n<hr class=\"wp-block-separator has-alpha-channel-opacity\" \/>\n<h2 class=\"wp-block-heading\">5. Uso de cookies<\/h2>\n\n<p>Nuestro sitio utiliza cookies para optimizar tu experiencia y analizar el uso del sitio web.<br \/>Puedes desactivar las cookies desde la configuraci\u00f3n de tu navegador en cualquier momento.<\/p>\n<hr class=\"wp-block-separator has-alpha-channel-opacity\" \/>\n<h2 class=\"wp-block-heading\">6. Enlaces externos<\/h2>\n\n<p>Este sitio puede contener enlaces a p\u00e1ginas externas. <strong>Adri\u00e1n Donado Odontolog\u00eda Est\u00e9tica<\/strong> no se hace responsable de las pol\u00edticas de privacidad o contenido de dichos sitios.<\/p>\n<hr class=\"wp-block-separator has-alpha-channel-opacity\" \/>\n<h2 class=\"wp-block-heading\">7. Cambios en esta pol\u00edtica<\/h2>\n\n<p>Nos reservamos el derecho de modificar o actualizar esta Pol\u00edtica de Privacidad en cualquier momento.<br \/>Las actualizaciones ser\u00e1n publicadas en esta misma p\u00e1gina con una nueva fecha de vigencia.<\/p>\n<hr class=\"wp-block-separator has-alpha-channel-opacity\" \/>\n<h2 class=\"wp-block-heading\">8. Contacto<\/h2>\n\n<p>Si tienes preguntas o inquietudes sobre nuestra Pol\u00edtica de Privacidad o el manejo de tus datos personales, puedes comunicarte con nosotros:<\/p>\n\n<p><strong>Adri\u00e1n Donado Odontolog\u00eda Est\u00e9tica<\/strong><br \/>\ud83d\udccd Barranquilla, Colombia<br \/>\ud83d\udce7 <a>contacto@adriandonado.com<\/a><br \/>\ud83d\udcf1 +57 320 727 4838<\/p>\n\t\t\t\t\t\t\t\t<\/div>\n\t\t\t\t\t<\/div>\n\t\t\t\t<\/div>\n\t\t\t\t<\/div>","protected":false},"excerpt":{"rendered":"<p>Pol\u00edtica de Privacidad En Adri\u00e1n Donado Odontolog\u00eda Est\u00e9tica, con sede en Barranquilla, Colombia, respetamos y protegemos la privacidad de nuestros pacientes y visitantes.Esta Pol\u00edtica de Privacidad explica c\u00f3mo recopilamos, usamos y protegemos la informaci\u00f3n personal que nos proporcionas al visitar nuestro sitio web o acceder a nuestros servicios odontol\u00f3gicos. 1. Informaci\u00f3n que recopilamos Podemos recopilar [&hellip;]<\/p>","protected":false},"author":1,"featured_media":0,"parent":0,"menu_order":0,"comment_status":"closed","ping_status":"open","template":"elementor_header_footer","meta":{"footnotes":""},"class_list":["post-3","page","type-page","status-publish","hentry"],"yoast_head":"<!-- This site is optimized with the Yoast SEO plugin v27.4 - https:\/\/yoast.com\/product\/yoast-seo-wordpress\/ -->\n<title>Pol\u00edtica de Privacidad - Adri\u00e1n Donado | Dise\u00f1o de Sonrisa y Armonizaci\u00f3n Orofacial en Cartagena<\/title>\n<meta name=\"robots\" content=\"index, follow, max-snippet:-1, max-image-preview:large, max-video-preview:-1\" \/>\n<link rel=\"canonical\" href=\"https:\/\/dradriandonado.com\/en\/privacy-policy\/\" \/>\n<meta property=\"og:locale\" content=\"en_US\" \/>\n<meta property=\"og:type\" content=\"article\" \/>\n<meta property=\"og:title\" content=\"Pol\u00edtica de Privacidad - Adri\u00e1n Donado | Dise\u00f1o de Sonrisa y Armonizaci\u00f3n Orofacial en Cartagena\" \/>\n<meta property=\"og:description\" content=\"Pol\u00edtica de Privacidad En Adri\u00e1n Donado Odontolog\u00eda Est\u00e9tica, con sede en Barranquilla, Colombia, respetamos y protegemos la privacidad de nuestros pacientes y visitantes.Esta Pol\u00edtica de Privacidad explica c\u00f3mo recopilamos, usamos y protegemos la informaci\u00f3n personal que nos proporcionas al visitar nuestro sitio web o acceder a nuestros servicios odontol\u00f3gicos. 1. Informaci\u00f3n que recopilamos Podemos recopilar [&hellip;]\" \/>\n<meta property=\"og:url\" content=\"https:\/\/dradriandonado.com\/en\/privacy-policy\/\" \/>\n<meta property=\"og:site_name\" content=\"Adri\u00e1n Donado | Dise\u00f1o de Sonrisa y Armonizaci\u00f3n Orofacial en Cartagena\" \/>\n<meta property=\"article:modified_time\" content=\"2025-10-10T15:06:30+00:00\" \/>\n<meta name=\"twitter:card\" content=\"summary_large_image\" \/>\n<meta name=\"twitter:label1\" content=\"Est. reading time\" \/>\n\t<meta name=\"twitter:data1\" content=\"3 minutes\" \/>\n<script type=\"application\/ld+json\" class=\"yoast-schema-graph\">{\"@context\":\"https:\\\/\\\/schema.org\",\"@graph\":[{\"@type\":\"WebPage\",\"@id\":\"https:\\\/\\\/dradriandonado.com\\\/privacy-policy\\\/\",\"url\":\"https:\\\/\\\/dradriandonado.com\\\/privacy-policy\\\/\",\"name\":\"Pol\u00edtica de Privacidad - Adri\u00e1n Donado | Dise\u00f1o de Sonrisa y Armonizaci\u00f3n Orofacial en Cartagena\",\"isPartOf\":{\"@id\":\"https:\\\/\\\/dradriandonado.com\\\/#website\"},\"datePublished\":\"2025-10-09T06:40:34+00:00\",\"dateModified\":\"2025-10-10T15:06:30+00:00\",\"breadcrumb\":{\"@id\":\"https:\\\/\\\/dradriandonado.com\\\/privacy-policy\\\/#breadcrumb\"},\"inLanguage\":\"en-US\",\"potentialAction\":[{\"@type\":\"ReadAction\",\"target\":[\"https:\\\/\\\/dradriandonado.com\\\/privacy-policy\\\/\"]}]},{\"@type\":\"BreadcrumbList\",\"@id\":\"https:\\\/\\\/dradriandonado.com\\\/privacy-policy\\\/#breadcrumb\",\"itemListElement\":[{\"@type\":\"ListItem\",\"position\":1,\"name\":\"Inicio\",\"item\":\"https:\\\/\\\/dradriandonado.com\\\/\"},{\"@type\":\"ListItem\",\"position\":2,\"name\":\"Pol\u00edtica de Privacidad\"}]},{\"@type\":\"WebSite\",\"@id\":\"https:\\\/\\\/dradriandonado.com\\\/#website\",\"url\":\"https:\\\/\\\/dradriandonado.com\\\/\",\"name\":\"Adri\u00e1n Donado | Dise\u00f1o de Sonrisa y Armonizaci\u00f3n Orofacial en Cartagena\",\"description\":\"Cl\u00ednica odontol\u00f3gica especializada en est\u00e9tica dental, dise\u00f1o de sonrisa, armonizaci\u00f3n orofacial y blanqueamiento. Adri\u00e1n Donado ofrece tratamientos personalizados para realzar tu belleza natural en Cartagena.\",\"publisher\":{\"@id\":\"https:\\\/\\\/dradriandonado.com\\\/#organization\"},\"potentialAction\":[{\"@type\":\"SearchAction\",\"target\":{\"@type\":\"EntryPoint\",\"urlTemplate\":\"https:\\\/\\\/dradriandonado.com\\\/?s={search_term_string}\"},\"query-input\":{\"@type\":\"PropertyValueSpecification\",\"valueRequired\":true,\"valueName\":\"search_term_string\"}}],\"inLanguage\":\"en-US\"},{\"@type\":\"Organization\",\"@id\":\"https:\\\/\\\/dradriandonado.com\\\/#organization\",\"name\":\"Adri\u00e1n Donado | Dise\u00f1o de Sonrisa y Armonizaci\u00f3n Orofacial en Cartagena\",\"url\":\"https:\\\/\\\/dradriandonado.com\\\/\",\"logo\":{\"@type\":\"ImageObject\",\"inLanguage\":\"en-US\",\"@id\":\"https:\\\/\\\/dradriandonado.com\\\/#\\\/schema\\\/logo\\\/image\\\/\",\"url\":\"https:\\\/\\\/dradriandonado.com\\\/wp-content\\\/uploads\\\/2025\\\/10\\\/cropped-logolargonegro-removebg-preview.png\",\"contentUrl\":\"https:\\\/\\\/dradriandonado.com\\\/wp-content\\\/uploads\\\/2025\\\/10\\\/cropped-logolargonegro-removebg-preview.png\",\"width\":872,\"height\":249,\"caption\":\"Adri\u00e1n Donado | Dise\u00f1o de Sonrisa y Armonizaci\u00f3n Orofacial en Cartagena\"},\"image\":{\"@id\":\"https:\\\/\\\/dradriandonado.com\\\/#\\\/schema\\\/logo\\\/image\\\/\"}}]}<\/script>\n<!-- \/ Yoast SEO plugin. -->","yoast_head_json":{"title":"Pol\u00edtica de Privacidad - Adri\u00e1n Donado | Dise\u00f1o de Sonrisa y Armonizaci\u00f3n Orofacial en Cartagena","robots":{"index":"index","follow":"follow","max-snippet":"max-snippet:-1","max-image-preview":"max-image-preview:large","max-video-preview":"max-video-preview:-1"},"canonical":"https:\/\/dradriandonado.com\/en\/privacy-policy\/","og_locale":"en_US","og_type":"article","og_title":"Pol\u00edtica de Privacidad - Adri\u00e1n Donado | Dise\u00f1o de Sonrisa y Armonizaci\u00f3n Orofacial en Cartagena","og_description":"Pol\u00edtica de Privacidad En Adri\u00e1n Donado Odontolog\u00eda Est\u00e9tica, con sede en Barranquilla, Colombia, respetamos y protegemos la privacidad de nuestros pacientes y visitantes.Esta Pol\u00edtica de Privacidad explica c\u00f3mo recopilamos, usamos y protegemos la informaci\u00f3n personal que nos proporcionas al visitar nuestro sitio web o acceder a nuestros servicios odontol\u00f3gicos. 1. Informaci\u00f3n que recopilamos Podemos recopilar [&hellip;]","og_url":"https:\/\/dradriandonado.com\/en\/privacy-policy\/","og_site_name":"Adri\u00e1n Donado | Dise\u00f1o de Sonrisa y Armonizaci\u00f3n Orofacial en Cartagena","article_modified_time":"2025-10-10T15:06:30+00:00","twitter_card":"summary_large_image","twitter_misc":{"Est. reading time":"3 minutes"},"schema":{"@context":"https:\/\/schema.org","@graph":[{"@type":"WebPage","@id":"https:\/\/dradriandonado.com\/privacy-policy\/","url":"https:\/\/dradriandonado.com\/privacy-policy\/","name":"Pol\u00edtica de Privacidad - Adri\u00e1n Donado | Dise\u00f1o de Sonrisa y Armonizaci\u00f3n Orofacial en Cartagena","isPartOf":{"@id":"https:\/\/dradriandonado.com\/#website"},"datePublished":"2025-10-09T06:40:34+00:00","dateModified":"2025-10-10T15:06:30+00:00","breadcrumb":{"@id":"https:\/\/dradriandonado.com\/privacy-policy\/#breadcrumb"},"inLanguage":"en-US","potentialAction":[{"@type":"ReadAction","target":["https:\/\/dradriandonado.com\/privacy-policy\/"]}]},{"@type":"BreadcrumbList","@id":"https:\/\/dradriandonado.com\/privacy-policy\/#breadcrumb","itemListElement":[{"@type":"ListItem","position":1,"name":"Inicio","item":"https:\/\/dradriandonado.com\/"},{"@type":"ListItem","position":2,"name":"Pol\u00edtica de Privacidad"}]},{"@type":"WebSite","@id":"https:\/\/dradriandonado.com\/#website","url":"https:\/\/dradriandonado.com\/","name":"Adri\u00e1n Donado | Dise\u00f1o de Sonrisa y Armonizaci\u00f3n Orofacial en Cartagena","description":"Cl\u00ednica odontol\u00f3gica especializada en est\u00e9tica dental, dise\u00f1o de sonrisa, armonizaci\u00f3n orofacial y blanqueamiento. Adri\u00e1n Donado ofrece tratamientos personalizados para realzar tu belleza natural en Cartagena.","publisher":{"@id":"https:\/\/dradriandonado.com\/#organization"},"potentialAction":[{"@type":"SearchAction","target":{"@type":"EntryPoint","urlTemplate":"https:\/\/dradriandonado.com\/?s={search_term_string}"},"query-input":{"@type":"PropertyValueSpecification","valueRequired":true,"valueName":"search_term_string"}}],"inLanguage":"en-US"},{"@type":"Organization","@id":"https:\/\/dradriandonado.com\/#organization","name":"Adri\u00e1n Donado | Dise\u00f1o de Sonrisa y Armonizaci\u00f3n Orofacial en Cartagena","url":"https:\/\/dradriandonado.com\/","logo":{"@type":"ImageObject","inLanguage":"en-US","@id":"https:\/\/dradriandonado.com\/#\/schema\/logo\/image\/","url":"https:\/\/dradriandonado.com\/wp-content\/uploads\/2025\/10\/cropped-logolargonegro-removebg-preview.png","contentUrl":"https:\/\/dradriandonado.com\/wp-content\/uploads\/2025\/10\/cropped-logolargonegro-removebg-preview.png","width":872,"height":249,"caption":"Adri\u00e1n Donado | Dise\u00f1o de Sonrisa y Armonizaci\u00f3n Orofacial en Cartagena"},"image":{"@id":"https:\/\/dradriandonado.com\/#\/schema\/logo\/image\/"}}]}},"_hostinger_reach_plugin_has_subscription_block":false,"_hostinger_reach_plugin_is_elementor":false,"_links":{"self":[{"href":"https:\/\/dradriandonado.com\/en\/wp-json\/wp\/v2\/pages\/3","targetHints":{"allow":["GET"]}}],"collection":[{"href":"https:\/\/dradriandonado.com\/en\/wp-json\/wp\/v2\/pages"}],"about":[{"href":"https:\/\/dradriandonado.com\/en\/wp-json\/wp\/v2\/types\/page"}],"author":[{"embeddable":true,"href":"https:\/\/dradriandonado.com\/en\/wp-json\/wp\/v2\/users\/1"}],"replies":[{"embeddable":true,"href":"https:\/\/dradriandonado.com\/en\/wp-json\/wp\/v2\/comments?post=3"}],"version-history":[{"count":4,"href":"https:\/\/dradriandonado.com\/en\/wp-json\/wp\/v2\/pages\/3\/revisions"}],"predecessor-version":[{"id":413,"href":"https:\/\/dradriandonado.com\/en\/wp-json\/wp\/v2\/pages\/3\/revisions\/413"}],"wp:attachment":[{"href":"https:\/\/dradriandonado.com\/en\/wp-json\/wp\/v2\/media?parent=3"}],"curies":[{"name":"wp","href":"https:\/\/api.w.org\/{rel}","templated":true}]}}